{"id":300,"date":"2024-06-25T16:57:15","date_gmt":"2024-06-25T14:57:15","guid":{"rendered":"https:\/\/vaskuchar.cz\/?post_type=product&#038;p=300"},"modified":"2024-06-25T16:57:15","modified_gmt":"2024-06-25T14:57:15","slug":"kakaovy-kolac","status":"publish","type":"product","link":"https:\/\/vaskuchar.cz\/?product=kakaovy-kolac","title":{"rendered":"Kakaov\u00fd kol\u00e1\u010d"},"content":{"rendered":"<ul>\n<li>Kol\u00e1\u010d z k\u0159ehk\u00e9ho t\u011bsta.<\/li>\n<li>S bohatou tvarohovou n\u00e1pln\u00ed a kakaovou drobenkou.<\/li>\n<li>Hotov\u00fd, sta\u010d\u00ed pouze rozmrazit.<\/li>\n<\/ul>\n<p>Kol\u00e1\u010d z k\u0159ehk\u00e9ho kakaov\u00e9ho t\u011bsta pln\u011bn\u00fd tvarohovou n\u00e1pln\u00ed, hluboce zmrazen\u00fd.<\/p>\n<p class=\"small font-italic\">Skladujte p\u0159i teplot\u011b -18 \u00b0C nebo ni\u017e\u0161\u00ed.<br \/>\nUchov\u00e1n\u00ed u spot\u0159ebitele: p\u0159i teplot\u011b -18 \u00b0C nebo ni\u017e\u0161\u00ed \u2013 viz datum minim\u00e1ln\u00ed trvanlivosti. Po rozmrazen\u00ed znovu nezmrazujte.<\/p>\n","protected":false},"excerpt":{"rendered":"<p>Kol\u00e1\u010d z k\u0159ehk\u00e9ho t\u011bsta. S bohatou tvarohovou n\u00e1pln\u00ed a kakaovou drobenkou. Hotov\u00fd, sta\u010d\u00ed pouze rozmrazit. Kol\u00e1\u010d z k\u0159ehk\u00e9ho kakaov\u00e9ho t\u011bsta pln\u011bn\u00fd tvarohovou n\u00e1pln\u00ed, hluboce zmrazen\u00fd. Skladujte p\u0159i teplot\u011b -18 \u00b0C nebo ni\u017e\u0161\u00ed. Uchov\u00e1n\u00ed u spot\u0159ebitele: p\u0159i teplot\u011b -18 \u00b0C nebo ni\u017e\u0161\u00ed \u2013 viz datum minim\u00e1ln\u00ed trvanlivosti. Po rozmrazen\u00ed znovu nezmrazujte.<\/p>\n","protected":false},"featured_media":289,"comment_status":"open","ping_status":"closed","template":"","meta":{"_et_pb_use_builder":"","_et_pb_old_content":"","_et_gb_content_width":""},"product_cat":[31],"product_tag":[],"class_list":{"0":"post-300","1":"product","2":"type-product","3":"status-publish","4":"has-post-thumbnail","6":"product_cat-family-market","8":"first","9":"instock","10":"shipping-taxable","11":"purchasable","12":"product-type-simple"},"_links":{"self":[{"href":"https:\/\/vaskuchar.cz\/index.php?rest_route=\/wp\/v2\/product\/300","targetHints":{"allow":["GET"]}}],"collection":[{"href":"https:\/\/vaskuchar.cz\/index.php?rest_route=\/wp\/v2\/product"}],"about":[{"href":"https:\/\/vaskuchar.cz\/index.php?rest_route=\/wp\/v2\/types\/product"}],"replies":[{"embeddable":true,"href":"https:\/\/vaskuchar.cz\/index.php?rest_route=%2Fwp%2Fv2%2Fcomments&post=300"}],"wp:featuredmedia":[{"embeddable":true,"href":"https:\/\/vaskuchar.cz\/index.php?rest_route=\/wp\/v2\/media\/289"}],"wp:attachment":[{"href":"https:\/\/vaskuchar.cz\/index.php?rest_route=%2Fwp%2Fv2%2Fmedia&parent=300"}],"wp:term":[{"taxonomy":"product_cat","embeddable":true,"href":"https:\/\/vaskuchar.cz\/index.php?rest_route=%2Fwp%2Fv2%2Fproduct_cat&post=300"},{"taxonomy":"product_tag","embeddable":true,"href":"https:\/\/vaskuchar.cz\/index.php?rest_route=%2Fwp%2Fv2%2Fproduct_tag&post=300"}],"curies":[{"name":"wp","href":"https:\/\/api.w.org\/{rel}","templated":true}]}}