{"id":299,"date":"2024-06-25T16:56:41","date_gmt":"2024-06-25T14:56:41","guid":{"rendered":"https:\/\/vaskuchar.cz\/?post_type=product&#038;p=299"},"modified":"2024-06-25T16:56:41","modified_gmt":"2024-06-25T14:56:41","slug":"bagety","status":"publish","type":"product","link":"https:\/\/vaskuchar.cz\/?product=bagety","title":{"rendered":"Bagety"},"content":{"rendered":"<p>Nen\u00ed nad \u010derstv\u011b rozpe\u010den\u00e9 k\u0159upav\u00e9 pe\u010divo. Mal\u00e9 bagetky &#8211; 15 ks v balen\u00ed. Skv\u011bl\u00e9 pe\u010divo kdykoliv k dispozici.<\/p>\n<p class=\"small font-italic\">Skladujte p\u0159i teplot\u011b -18 \u00b0C nebo ni\u017e\u0161\u00ed.<br \/>\nUchov\u00e1n\u00ed u spot\u0159ebitele: p\u0159i teplot\u011b -18 \u00b0C nebo ni\u017e\u0161\u00ed \u2013 viz datum minim\u00e1ln\u00ed trvanlivosti. Po rozmrazen\u00ed znovu nezmrazujte.<\/p>\n","protected":false},"excerpt":{"rendered":"<p>Nen\u00ed nad \u010derstv\u011b rozpe\u010den\u00e9 k\u0159upav\u00e9 pe\u010divo. Mal\u00e9 bagetky &#8211; 15 ks v balen\u00ed. Skv\u011bl\u00e9 pe\u010divo kdykoliv k dispozici. Skladujte p\u0159i teplot\u011b -18 \u00b0C nebo ni\u017e\u0161\u00ed. Uchov\u00e1n\u00ed u spot\u0159ebitele: p\u0159i teplot\u011b -18 \u00b0C nebo ni\u017e\u0161\u00ed \u2013 viz datum minim\u00e1ln\u00ed trvanlivosti. Po rozmrazen\u00ed znovu nezmrazujte.<\/p>\n","protected":false},"featured_media":288,"comment_status":"open","ping_status":"closed","template":"","meta":{"_et_pb_use_builder":"","_et_pb_old_content":"","_et_gb_content_width":""},"product_cat":[31],"product_tag":[],"class_list":{"0":"post-299","1":"product","2":"type-product","3":"status-publish","4":"has-post-thumbnail","6":"product_cat-family-market","8":"first","9":"instock","10":"sale","11":"shipping-taxable","12":"purchasable","13":"product-type-simple"},"_links":{"self":[{"href":"https:\/\/vaskuchar.cz\/index.php?rest_route=\/wp\/v2\/product\/299","targetHints":{"allow":["GET"]}}],"collection":[{"href":"https:\/\/vaskuchar.cz\/index.php?rest_route=\/wp\/v2\/product"}],"about":[{"href":"https:\/\/vaskuchar.cz\/index.php?rest_route=\/wp\/v2\/types\/product"}],"replies":[{"embeddable":true,"href":"https:\/\/vaskuchar.cz\/index.php?rest_route=%2Fwp%2Fv2%2Fcomments&post=299"}],"wp:featuredmedia":[{"embeddable":true,"href":"https:\/\/vaskuchar.cz\/index.php?rest_route=\/wp\/v2\/media\/288"}],"wp:attachment":[{"href":"https:\/\/vaskuchar.cz\/index.php?rest_route=%2Fwp%2Fv2%2Fmedia&parent=299"}],"wp:term":[{"taxonomy":"product_cat","embeddable":true,"href":"https:\/\/vaskuchar.cz\/index.php?rest_route=%2Fwp%2Fv2%2Fproduct_cat&post=299"},{"taxonomy":"product_tag","embeddable":true,"href":"https:\/\/vaskuchar.cz\/index.php?rest_route=%2Fwp%2Fv2%2Fproduct_tag&post=299"}],"curies":[{"name":"wp","href":"https:\/\/api.w.org\/{rel}","templated":true}]}}