{"id":298,"date":"2024-06-25T16:55:57","date_gmt":"2024-06-25T14:55:57","guid":{"rendered":"https:\/\/vaskuchar.cz\/?post_type=product&#038;p=298"},"modified":"2024-06-25T16:55:57","modified_gmt":"2024-06-25T14:55:57","slug":"country-mix-peciva","status":"publish","type":"product","link":"https:\/\/vaskuchar.cz\/?product=country-mix-peciva","title":{"rendered":"Country mix pe\u010diva"},"content":{"rendered":"<ul>\n<li>Mix t\u0159ech druh\u016f pe\u010diva v rustik\u00e1ln\u00edm stylu.<\/li>\n<li>Skv\u011bl\u00e9 nejen pro dopln\u011bn\u00ed Va\u0161eho grilovac\u00edcho menu.<\/li>\n<li>Sta\u010d\u00ed kr\u00e1tce dop\u00e9ct.<\/li>\n<\/ul>\n<p class=\"small font-italic\">Skladujte p\u0159i teplot\u011b -18 \u00b0C nebo ni\u017e\u0161\u00ed.<br \/>\nUchov\u00e1n\u00ed u spot\u0159ebitele: p\u0159i teplot\u011b -18 \u00b0C nebo ni\u017e\u0161\u00ed \u2013 viz datum minim\u00e1ln\u00ed trvanlivosti. Po rozmrazen\u00ed znovu nezmrazujte.<\/p>\n","protected":false},"excerpt":{"rendered":"<p>Mix t\u0159ech druh\u016f pe\u010diva v rustik\u00e1ln\u00edm stylu. Skv\u011bl\u00e9 nejen pro dopln\u011bn\u00ed Va\u0161eho grilovac\u00edcho menu. Sta\u010d\u00ed kr\u00e1tce dop\u00e9ct. Skladujte p\u0159i teplot\u011b -18 \u00b0C nebo ni\u017e\u0161\u00ed. Uchov\u00e1n\u00ed u spot\u0159ebitele: p\u0159i teplot\u011b -18 \u00b0C nebo ni\u017e\u0161\u00ed \u2013 viz datum minim\u00e1ln\u00ed trvanlivosti. Po rozmrazen\u00ed znovu nezmrazujte.<\/p>\n","protected":false},"featured_media":287,"comment_status":"open","ping_status":"closed","template":"","meta":{"_et_pb_use_builder":"","_et_pb_old_content":"","_et_gb_content_width":""},"product_cat":[31],"product_tag":[],"class_list":{"0":"post-298","1":"product","2":"type-product","3":"status-publish","4":"has-post-thumbnail","6":"product_cat-family-market","8":"first","9":"instock","10":"shipping-taxable","11":"purchasable","12":"product-type-simple"},"_links":{"self":[{"href":"https:\/\/vaskuchar.cz\/index.php?rest_route=\/wp\/v2\/product\/298","targetHints":{"allow":["GET"]}}],"collection":[{"href":"https:\/\/vaskuchar.cz\/index.php?rest_route=\/wp\/v2\/product"}],"about":[{"href":"https:\/\/vaskuchar.cz\/index.php?rest_route=\/wp\/v2\/types\/product"}],"replies":[{"embeddable":true,"href":"https:\/\/vaskuchar.cz\/index.php?rest_route=%2Fwp%2Fv2%2Fcomments&post=298"}],"wp:featuredmedia":[{"embeddable":true,"href":"https:\/\/vaskuchar.cz\/index.php?rest_route=\/wp\/v2\/media\/287"}],"wp:attachment":[{"href":"https:\/\/vaskuchar.cz\/index.php?rest_route=%2Fwp%2Fv2%2Fmedia&parent=298"}],"wp:term":[{"taxonomy":"product_cat","embeddable":true,"href":"https:\/\/vaskuchar.cz\/index.php?rest_route=%2Fwp%2Fv2%2Fproduct_cat&post=298"},{"taxonomy":"product_tag","embeddable":true,"href":"https:\/\/vaskuchar.cz\/index.php?rest_route=%2Fwp%2Fv2%2Fproduct_tag&post=298"}],"curies":[{"name":"wp","href":"https:\/\/api.w.org\/{rel}","templated":true}]}}