{"id":297,"date":"2024-06-25T16:55:13","date_gmt":"2024-06-25T14:55:13","guid":{"rendered":"https:\/\/vaskuchar.cz\/?post_type=product&#038;p=297"},"modified":"2024-06-25T16:55:13","modified_gmt":"2024-06-25T14:55:13","slug":"pizza-s-kurecim-masem-a-spenatem","status":"publish","type":"product","link":"https:\/\/vaskuchar.cz\/?product=pizza-s-kurecim-masem-a-spenatem","title":{"rendered":"Pizza s ku\u0159ec\u00edm masem a \u0161pen\u00e1tem"},"content":{"rendered":"<ul>\n<li>Pizza italsk\u00e9ho typu pe\u010den\u00e1 na kameni, se s\u00fdrovo-smetanov\u00fdm z\u00e1kladem, \u0161pen\u00e1tem a ku\u0159ec\u00edm masem.<\/li>\n<li>Balen\u00ed obsahuje 2 kusy.<\/li>\n<li>Hluboce zmrazeno.<\/li>\n<\/ul>\n<p>&nbsp;<\/p>\n<p class=\"small font-italic\">Skladujte p\u0159i teplot\u011b -18 \u00b0C nebo ni\u017e\u0161\u00ed.<br \/>\nUchov\u00e1n\u00ed u spot\u0159ebitele: p\u0159i teplot\u011b -18 \u00b0C nebo ni\u017e\u0161\u00ed \u2013 viz datum minim\u00e1ln\u00ed trvanlivosti. Po rozmrazen\u00ed znovu nezmrazujte.<\/p>\n","protected":false},"excerpt":{"rendered":"<p>Pizza italsk\u00e9ho typu pe\u010den\u00e1 na kameni, se s\u00fdrovo-smetanov\u00fdm z\u00e1kladem, \u0161pen\u00e1tem a ku\u0159ec\u00edm masem. Balen\u00ed obsahuje 2 kusy. Hluboce zmrazeno. &nbsp; Skladujte p\u0159i teplot\u011b -18 \u00b0C nebo ni\u017e\u0161\u00ed. Uchov\u00e1n\u00ed u spot\u0159ebitele: p\u0159i teplot\u011b -18 \u00b0C nebo ni\u017e\u0161\u00ed \u2013 viz datum minim\u00e1ln\u00ed trvanlivosti. Po rozmrazen\u00ed znovu nezmrazujte.<\/p>\n","protected":false},"featured_media":285,"comment_status":"open","ping_status":"closed","template":"","meta":{"_et_pb_use_builder":"","_et_pb_old_content":"","_et_gb_content_width":""},"product_cat":[31],"product_tag":[],"class_list":{"0":"post-297","1":"product","2":"type-product","3":"status-publish","4":"has-post-thumbnail","6":"product_cat-family-market","8":"first","9":"instock","10":"shipping-taxable","11":"purchasable","12":"product-type-simple"},"_links":{"self":[{"href":"https:\/\/vaskuchar.cz\/index.php?rest_route=\/wp\/v2\/product\/297","targetHints":{"allow":["GET"]}}],"collection":[{"href":"https:\/\/vaskuchar.cz\/index.php?rest_route=\/wp\/v2\/product"}],"about":[{"href":"https:\/\/vaskuchar.cz\/index.php?rest_route=\/wp\/v2\/types\/product"}],"replies":[{"embeddable":true,"href":"https:\/\/vaskuchar.cz\/index.php?rest_route=%2Fwp%2Fv2%2Fcomments&post=297"}],"wp:featuredmedia":[{"embeddable":true,"href":"https:\/\/vaskuchar.cz\/index.php?rest_route=\/wp\/v2\/media\/285"}],"wp:attachment":[{"href":"https:\/\/vaskuchar.cz\/index.php?rest_route=%2Fwp%2Fv2%2Fmedia&parent=297"}],"wp:term":[{"taxonomy":"product_cat","embeddable":true,"href":"https:\/\/vaskuchar.cz\/index.php?rest_route=%2Fwp%2Fv2%2Fproduct_cat&post=297"},{"taxonomy":"product_tag","embeddable":true,"href":"https:\/\/vaskuchar.cz\/index.php?rest_route=%2Fwp%2Fv2%2Fproduct_tag&post=297"}],"curies":[{"name":"wp","href":"https:\/\/api.w.org\/{rel}","templated":true}]}}