{"id":230,"date":"2024-06-25T14:13:16","date_gmt":"2024-06-25T12:13:16","guid":{"rendered":"https:\/\/vaskuchar.cz\/?post_type=product&#038;p=230"},"modified":"2024-06-25T16:50:40","modified_gmt":"2024-06-25T14:50:40","slug":"wordpress-pennant","status":"publish","type":"product","link":"https:\/\/vaskuchar.cz\/?product=wordpress-pennant","title":{"rendered":"\u0160pan\u011blsk\u00fd pt\u00e1\u010dek s r\u00fd\u017e\u00ed"},"content":{"rendered":"<ul>\n<li>Pln\u011bn\u00e1 rolka z hov\u011bz\u00edho masa s om\u00e1\u010dkou a r\u00fd\u017e\u00ed.<\/li>\n<li>Pracn\u00e1 hotovka p\u0159ipraven\u00e1 za p\u00e1r minut.<\/li>\n<li>V\u00fdte\u010dn\u00e1 chu\u0165.<\/li>\n<\/ul>\n<p>Hluboce mrazen\u00fd v\u00fdrobek.<\/p>\n","protected":false},"excerpt":{"rendered":"<p>This is an external product.<\/p>\n","protected":false},"featured_media":283,"comment_status":"open","ping_status":"closed","template":"","meta":{"_et_pb_use_builder":"","_et_pb_old_content":"","_et_gb_content_width":""},"product_cat":[31],"product_tag":[],"class_list":{"0":"post-230","1":"product","2":"type-product","3":"status-publish","4":"has-post-thumbnail","6":"product_cat-family-market","8":"first","9":"instock","10":"sale","11":"shipping-taxable","12":"product-type-external"},"_links":{"self":[{"href":"https:\/\/vaskuchar.cz\/index.php?rest_route=\/wp\/v2\/product\/230","targetHints":{"allow":["GET"]}}],"collection":[{"href":"https:\/\/vaskuchar.cz\/index.php?rest_route=\/wp\/v2\/product"}],"about":[{"href":"https:\/\/vaskuchar.cz\/index.php?rest_route=\/wp\/v2\/types\/product"}],"replies":[{"embeddable":true,"href":"https:\/\/vaskuchar.cz\/index.php?rest_route=%2Fwp%2Fv2%2Fcomments&post=230"}],"wp:featuredmedia":[{"embeddable":true,"href":"https:\/\/vaskuchar.cz\/index.php?rest_route=\/wp\/v2\/media\/283"}],"wp:attachment":[{"href":"https:\/\/vaskuchar.cz\/index.php?rest_route=%2Fwp%2Fv2%2Fmedia&parent=230"}],"wp:term":[{"taxonomy":"product_cat","embeddable":true,"href":"https:\/\/vaskuchar.cz\/index.php?rest_route=%2Fwp%2Fv2%2Fproduct_cat&post=230"},{"taxonomy":"product_tag","embeddable":true,"href":"https:\/\/vaskuchar.cz\/index.php?rest_route=%2Fwp%2Fv2%2Fproduct_tag&post=230"}],"curies":[{"name":"wp","href":"https:\/\/api.w.org\/{rel}","templated":true}]}}