{"id":229,"date":"2024-06-25T14:13:16","date_gmt":"2024-06-25T12:13:16","guid":{"rendered":"https:\/\/vaskuchar.cz\/?post_type=product&#038;p=229"},"modified":"2024-06-25T16:52:36","modified_gmt":"2024-06-25T14:52:36","slug":"logo-collection","status":"publish","type":"product","link":"https:\/\/vaskuchar.cz\/?product=logo-collection","title":{"rendered":"Sv\u00ed\u010dkov\u00e1 na smetan\u011b"},"content":{"rendered":"<ul>\n<li>Hov\u011bz\u00ed pl\u00e1tek pro\u0161pikovan\u00fd \u0161pekem, om\u00e1\u010dka, knedl\u00edky.<\/li>\n<li>Poctiv\u00e1 porce tradi\u010dn\u00edho \u010desk\u00e9ho j\u00eddla.<\/li>\n<li>Chutn\u00e1 jako dom\u00e1c\u00ed.<\/li>\n<\/ul>\n<p>Hluboce mrazen\u00fd v\u00fdrobek.<\/p>\n","protected":false},"excerpt":{"rendered":"<p>This is a grouped product.<\/p>\n","protected":false},"featured_media":284,"comment_status":"open","ping_status":"closed","template":"","meta":{"_et_pb_use_builder":"","_et_pb_old_content":"","_et_gb_content_width":""},"product_cat":[31],"product_tag":[],"class_list":{"0":"post-229","1":"product","2":"type-product","3":"status-publish","4":"has-post-thumbnail","6":"product_cat-family-market","8":"first","9":"instock","10":"shipping-taxable","11":"product-type-grouped"},"_links":{"self":[{"href":"https:\/\/vaskuchar.cz\/index.php?rest_route=\/wp\/v2\/product\/229","targetHints":{"allow":["GET"]}}],"collection":[{"href":"https:\/\/vaskuchar.cz\/index.php?rest_route=\/wp\/v2\/product"}],"about":[{"href":"https:\/\/vaskuchar.cz\/index.php?rest_route=\/wp\/v2\/types\/product"}],"replies":[{"embeddable":true,"href":"https:\/\/vaskuchar.cz\/index.php?rest_route=%2Fwp%2Fv2%2Fcomments&post=229"}],"wp:featuredmedia":[{"embeddable":true,"href":"https:\/\/vaskuchar.cz\/index.php?rest_route=\/wp\/v2\/media\/284"}],"wp:attachment":[{"href":"https:\/\/vaskuchar.cz\/index.php?rest_route=%2Fwp%2Fv2%2Fmedia&parent=229"}],"wp:term":[{"taxonomy":"product_cat","embeddable":true,"href":"https:\/\/vaskuchar.cz\/index.php?rest_route=%2Fwp%2Fv2%2Fproduct_cat&post=229"},{"taxonomy":"product_tag","embeddable":true,"href":"https:\/\/vaskuchar.cz\/index.php?rest_route=%2Fwp%2Fv2%2Fproduct_tag&post=229"}],"curies":[{"name":"wp","href":"https:\/\/api.w.org\/{rel}","templated":true}]}}